{"id":313,"date":"2025-05-14T18:20:55","date_gmt":"2025-05-14T18:20:55","guid":{"rendered":"https:\/\/samurang.cl\/v2\/?page_id=313"},"modified":"2025-05-14T18:34:56","modified_gmt":"2025-05-14T18:34:56","slug":"utsd","status":"publish","type":"page","link":"https:\/\/samurang.cl\/v2\/utsd\/","title":{"rendered":"Universal Tang Soo Do"},"content":{"rendered":"<div data-colibri-id=\"313-c1\" class=\"style-493 style-local-313-c1 position-relative\">\n  <!---->\n  <div data-colibri-component=\"section\" data-colibri-id=\"313-c2\" id=\"about\" class=\"h-section h-section-global-spacing d-flex align-items-lg-center align-items-md-center align-items-center style-494 style-local-313-c2 position-relative\">\n    <!---->\n    <!---->\n    <div class=\"h-section-grid-container h-section-boxed-container\">\n      <!---->\n      <div data-colibri-id=\"313-c3\" class=\"h-row-container gutters-row-lg-2 gutters-row-md-2 gutters-row-2 gutters-row-v-lg-2 gutters-row-v-md-2 gutters-row-v-2 style-495 style-local-313-c3 position-relative\">\n        <!---->\n        <div class=\"h-row justify-content-lg-center justify-content-md-center justify-content-center align-items-lg-stretch align-items-md-stretch align-items-stretch gutters-col-lg-2 gutters-col-md-2 gutters-col-2 gutters-col-v-lg-2 gutters-col-v-md-2 gutters-col-v-2\">\n          <!---->\n          <div class=\"h-column h-column-container d-flex h-col-lg-auto h-col-md-auto h-col-auto style-496-outer style-local-313-c4-outer\">\n            <div data-colibri-id=\"313-c4\" class=\"d-flex h-flex-basis h-column__inner h-px-lg-2 h-px-md-2 h-px-2 v-inner-lg-2 v-inner-md-2 v-inner-2 style-496 style-local-313-c4 position-relative\">\n              <!---->\n              <!---->\n              <div class=\"w-100 h-y-container h-column__content h-column__v-align flex-basis-100 align-self-lg-center align-self-md-center align-self-center\">\n                <!---->\n                <div data-colibri-id=\"313-c5\" class=\"h-global-transition-all h-heading style-497 style-local-313-c5 position-relative h-element\">\n                  <!---->\n                  <div class=\"h-heading__outer style-497 style-local-313-c5\">\n                    <!---->\n                    <!---->\n                    <h5 class=\"\">Nuestra escuela es parte de:<\/h5>\n                  <\/div>\n                <\/div>\n                <div data-colibri-id=\"313-c6\" class=\"h-global-transition-all h-heading style-498 style-local-313-c6 position-relative h-element\">\n                  <!---->\n                  <div class=\"h-heading__outer style-498 style-local-313-c6\">\n                    <!---->\n                    <!---->\n                    <h2 class=\"\">Universal Tang Soo Do (UTSD)<\/h2>\n                  <\/div>\n                <\/div>\n                <div data-colibri-id=\"313-c7\" class=\"h-text h-text-component style-499 style-local-313-c7 position-relative h-element\">\n                  <!---->\n                  <!---->\n                  <div class=\"\">\n                    <p>Desde nuestra fundaci\u00f3n el d\u00eda 22 de Diciembre 2009. C\u00f3mo una organizaci\u00f3n de artes marciales. Se ha dise\u00f1ado una simbolog\u00eda como nuestro Tradicional emblema de Escuela \u201cKWAN GI\u201d, que representa los valores institucionales e identificaci\u00f3n\n                      de nuestras personas en el cultivo del estilo como Universal Tang Soo Do.<\/p>\n                    <p>El conjunto de Identidad Visual, est\u00e1 formado por nomenclatura e imagen unidas que deben ser utilizados como un s\u00f3lo elemento para no desvirtuar su centro tradicional.<\/p>\n                    <p>El uso del emblema es para toda persona que se encuentre registrada como integrante oficial teniendo el debido cuidado de la representatividad que nos honra el haber seleccionado como sede cultural de nuestro crecimiento en Universal\n                      Tang Soo Do. Solicite siempre su debida autorizaci\u00f3n al fundador.<\/p>\n                    <p>\n                      <br>\n                    <\/p>\n                  <\/div>\n                <\/div>\n                <div data-colibri-id=\"313-c8\" class=\"h-x-container style-500 style-local-313-c8 position-relative h-element\">\n                  <!---->\n                  <div class=\"h-x-container-inner style-dynamic-313-c8-group style-500-spacing style-local-313-c8-spacing\"><span class=\"h-button__outer style-501-outer style-local-313-c9-outer d-inline-flex h-element\"><a h-use-smooth-scroll=\"true\" href=\"www.universaltangsoodo.org\"  data-colibri-id=\"313-c9\" class=\"d-flex w-100 align-items-center h-button justify-content-lg-center justify-content-md-center justify-content-center style-501 style-local-313-c9 position-relative\"><!----><!----> <span>M\u00e1s informaci\u00f3n www.universaltangsoodo.org<\/span><\/a>\n                    <\/span>\n                  <\/div>\n                <\/div>\n              <\/div>\n            <\/div>\n          <\/div>\n          <div class=\"h-column h-column-container d-flex h-col-lg-auto h-col-md-auto h-col-auto style-502-outer style-local-313-c10-outer\">\n            <div data-colibri-id=\"313-c10\" class=\"d-flex h-flex-basis h-column__inner h-px-lg-2 h-px-md-2 h-px-2 v-inner-lg-2 v-inner-md-2 v-inner-2 style-502 style-local-313-c10 position-relative\">\n              <!---->\n              <!---->\n              <div class=\"w-100 h-y-container h-column__content h-column__v-align flex-basis-100 align-self-lg-center align-self-md-center align-self-center\">\n                <!---->\n                <div data-colibri-id=\"313-c12\" class=\"d-block style-504 style-local-313-c12 position-relative h-element\">\n                  <!---->\n                  <div class=\"h-image__frame-container-outer\">\n                    <div class=\"h-image__frame-container\">\n                      <!---->\n                      <!---->\n                      <img loading=\"lazy\" decoding=\"async\" width=\"267\" height=\"267\" src=\"https:\/\/samurang.cl\/v2\/wp-content\/uploads\/2025\/05\/logo-utsd.png\" class=\"wp-image-322 style-504-image style-local-313-c12-image\" alt=\"\" srcset=\"https:\/\/samurang.cl\/v2\/wp-content\/uploads\/2025\/05\/logo-utsd.png 267w, https:\/\/samurang.cl\/v2\/wp-content\/uploads\/2025\/05\/logo-utsd-150x150.png 150w\" sizes=\"auto, (max-width: 267px) 100vw, 267px\" \/>\n                      <div class=\"h-image__frame h-hide-lg h-hide-md h-hide-sm style-504-frameImage style-local-313-c12-frameImage\"><\/div>\n                    <\/div>\n                  <\/div>\n                <\/div>\n                <div data-colibri-id=\"313-c11\" class=\"d-block style-503 style-local-313-c11 position-relative h-element\">\n                  <!---->\n                  <div class=\"h-image__frame-container-outer\">\n                    <div class=\"h-image__frame-container\">\n                      <!---->\n                      <!---->\n                      <img loading=\"lazy\" decoding=\"async\" width=\"960\" height=\"407\" src=\"https:\/\/samurang.cl\/v2\/wp-content\/uploads\/2025\/05\/foto-web3.jpg\" class=\"wp-image-144 style-503-image style-local-313-c11-image\" alt=\"\" srcset=\"https:\/\/samurang.cl\/v2\/wp-content\/uploads\/2025\/05\/foto-web3.jpg 960w, https:\/\/samurang.cl\/v2\/wp-content\/uploads\/2025\/05\/foto-web3-300x127.jpg 300w, https:\/\/samurang.cl\/v2\/wp-content\/uploads\/2025\/05\/foto-web3-768x326.jpg 768w\" sizes=\"auto, (max-width: 960px) 100vw, 960px\" \/>\n                      <div class=\"h-image__frame h-hide-sm style-503-frameImage style-local-313-c11-frameImage\"><\/div>\n                    <\/div>\n                  <\/div>\n                <\/div>\n              <\/div>\n            <\/div>\n          <\/div>\n        <\/div>\n      <\/div>\n    <\/div>\n  <\/div>\n  <div data-colibri-component=\"section\" data-colibri-id=\"313-c13\" id=\"about-2\" class=\"h-section h-section-global-spacing d-flex align-items-lg-center align-items-md-center align-items-center style-505 style-local-313-c13 position-relative\">\n    <!---->\n    <!---->\n    <div class=\"h-section-grid-container h-section-boxed-container\">\n      <!---->\n      <div data-colibri-id=\"313-c14\" class=\"h-row-container gutters-row-lg-0 gutters-row-md-0 gutters-row-0 gutters-row-v-lg-0 gutters-row-v-md-0 gutters-row-v-0 style-506 style-local-313-c14 position-relative\">\n        <!---->\n        <div class=\"h-row justify-content-lg-center justify-content-md-center justify-content-center align-items-lg-stretch align-items-md-stretch align-items-stretch gutters-col-lg-0 gutters-col-md-0 gutters-col-0 gutters-col-v-lg-0 gutters-col-v-md-0 gutters-col-v-0\">\n          <!---->\n          <div class=\"h-column h-column-container d-flex h-col-lg-auto h-col-md-auto h-col-auto style-507-outer style-local-313-c15-outer\">\n            <div data-colibri-id=\"313-c15\" class=\"d-flex h-flex-basis h-column__inner h-ui-empty-state-container h-px-lg-0 h-px-md-0 h-px-0 v-inner-lg-0 v-inner-md-0 v-inner-0 style-507 style-local-313-c15 position-relative\">\n              <!---->\n              <!---->\n              <div class=\"w-100 h-y-container h-column__content h-column__v-align flex-basis-100\">\n                <!---->\n              <\/div>\n            <\/div>\n          <\/div>\n          <div class=\"h-column h-column-container d-flex h-col-lg-auto h-col-md-auto h-col-auto style-508-outer style-local-313-c16-outer\">\n            <div data-colibri-id=\"313-c16\" class=\"d-flex h-flex-basis h-column__inner h-px-lg-2 h-px-md-2 h-px-2 v-inner-lg-2 v-inner-md-2 v-inner-2 style-508 style-local-313-c16 position-relative\">\n              <!---->\n              <!---->\n              <div class=\"w-100 h-y-container h-column__content h-column__v-align flex-basis-100 align-self-lg-start align-self-md-start align-self-start\">\n                <!---->\n                <div data-colibri-id=\"313-c18\" class=\"h-global-transition-all h-heading style-510 style-local-313-c18 position-relative h-element\">\n                  <!---->\n                  <div class=\"h-heading__outer style-510 style-local-313-c18\">\n                    <!---->\n                    <!---->\n                    <h4 class=\"\">Filosof\u00eda y ense\u00f1anza Cultural de nuestro Emblema Institucional &#8220;KWAN GI&#8221;<\/h4>\n                  <\/div>\n                <\/div>\n                <div data-colibri-id=\"313-c19\" class=\"h-text h-text-component style-511 style-local-313-c19 position-relative h-element\">\n                  <!---->\n                  <!---->\n                  <div class=\"\">\n                    <p>La alta representatividad de nuestro estilo Universal Tang Soo Do, se identifica por nuestro emblema mundial, este se ver\u00e1 reflejado en la vestimenta como el Dobok oficial, en nuestras escuelas Dojang Institutes y todo lo que concierne\n                      a la difusi\u00f3n y promoci\u00f3n del arte que desarrollamos.<\/p>\n                    <p>Con alturas de miras, cuidar su imagen es saber cuidar a la organizaci\u00f3n completa. Se pide su colaboraci\u00f3n en saber llevar el s\u00edmbolo que nos une en relaci\u00f3n al arte marcial que representamos.<\/p>\n                  <\/div>\n                <\/div>\n              <\/div>\n            <\/div>\n          <\/div>\n        <\/div>\n      <\/div>\n    <\/div>\n  <\/div>\n<\/div>","protected":false},"excerpt":{"rendered":"<p>Nuestra escuela es parte de: Universal Tang Soo Do (UTSD) Desde nuestra fundaci\u00f3n [&hellip;]<\/p>\n","protected":false},"author":1,"featured_media":0,"parent":0,"menu_order":0,"comment_status":"closed","ping_status":"closed","template":"page-templates\/full-width-page.php","meta":{"_joinchat":[],"footnotes":""},"class_list":["post-313","page","type-page","status-publish","hentry"],"yoast_head":"<!-- This site is optimized with the Yoast SEO plugin v27.1.1 - https:\/\/yoast.com\/product\/yoast-seo-wordpress\/ -->\n<title>Universal Tang Soo Do - Samurang Kwan<\/title>\n<meta name=\"robots\" content=\"index, follow, max-snippet:-1, max-image-preview:large, max-video-preview:-1\" \/>\n<link rel=\"canonical\" href=\"https:\/\/samurang.cl\/v2\/utsd\/\" \/>\n<meta property=\"og:locale\" content=\"es_ES\" \/>\n<meta property=\"og:type\" content=\"article\" \/>\n<meta property=\"og:title\" content=\"Universal Tang Soo Do - Samurang Kwan\" \/>\n<meta property=\"og:description\" content=\"Nuestra escuela es parte de: Universal Tang Soo Do (UTSD) Desde nuestra fundaci\u00f3n [&hellip;]\" \/>\n<meta property=\"og:url\" content=\"https:\/\/samurang.cl\/v2\/utsd\/\" \/>\n<meta property=\"og:site_name\" content=\"Samurang Kwan\" \/>\n<meta property=\"article:modified_time\" content=\"2025-05-14T18:34:56+00:00\" \/>\n<meta property=\"og:image\" content=\"https:\/\/samurang.cl\/v2\/wp-content\/uploads\/2025\/05\/logo-utsd.png\" \/>\n\t<meta property=\"og:image:width\" content=\"267\" \/>\n\t<meta property=\"og:image:height\" content=\"267\" \/>\n\t<meta property=\"og:image:type\" content=\"image\/png\" \/>\n<meta name=\"twitter:card\" content=\"summary_large_image\" \/>\n<script type=\"application\/ld+json\" class=\"yoast-schema-graph\">{\"@context\":\"https:\/\/schema.org\",\"@graph\":[{\"@type\":\"WebPage\",\"@id\":\"https:\/\/samurang.cl\/v2\/utsd\/\",\"url\":\"https:\/\/samurang.cl\/v2\/utsd\/\",\"name\":\"Universal Tang Soo Do - Samurang Kwan\",\"isPartOf\":{\"@id\":\"https:\/\/samurang.cl\/v2\/#website\"},\"primaryImageOfPage\":{\"@id\":\"https:\/\/samurang.cl\/v2\/utsd\/#primaryimage\"},\"image\":{\"@id\":\"https:\/\/samurang.cl\/v2\/utsd\/#primaryimage\"},\"thumbnailUrl\":\"https:\/\/samurang.cl\/v2\/wp-content\/uploads\/2025\/05\/logo-utsd.png\",\"datePublished\":\"2025-05-14T18:20:55+00:00\",\"dateModified\":\"2025-05-14T18:34:56+00:00\",\"breadcrumb\":{\"@id\":\"https:\/\/samurang.cl\/v2\/utsd\/#breadcrumb\"},\"inLanguage\":\"es\",\"potentialAction\":[{\"@type\":\"ReadAction\",\"target\":[\"https:\/\/samurang.cl\/v2\/utsd\/\"]}]},{\"@type\":\"ImageObject\",\"inLanguage\":\"es\",\"@id\":\"https:\/\/samurang.cl\/v2\/utsd\/#primaryimage\",\"url\":\"https:\/\/samurang.cl\/v2\/wp-content\/uploads\/2025\/05\/logo-utsd.png\",\"contentUrl\":\"https:\/\/samurang.cl\/v2\/wp-content\/uploads\/2025\/05\/logo-utsd.png\",\"width\":267,\"height\":267},{\"@type\":\"BreadcrumbList\",\"@id\":\"https:\/\/samurang.cl\/v2\/utsd\/#breadcrumb\",\"itemListElement\":[{\"@type\":\"ListItem\",\"position\":1,\"name\":\"Portada\",\"item\":\"https:\/\/samurang.cl\/v2\/\"},{\"@type\":\"ListItem\",\"position\":2,\"name\":\"Universal Tang Soo Do\"}]},{\"@type\":\"WebSite\",\"@id\":\"https:\/\/samurang.cl\/v2\/#website\",\"url\":\"https:\/\/samurang.cl\/v2\/\",\"name\":\"Samurang Kwan\",\"description\":\"\",\"publisher\":{\"@id\":\"https:\/\/samurang.cl\/v2\/#organization\"},\"potentialAction\":[{\"@type\":\"SearchAction\",\"target\":{\"@type\":\"EntryPoint\",\"urlTemplate\":\"https:\/\/samurang.cl\/v2\/?s={search_term_string}\"},\"query-input\":{\"@type\":\"PropertyValueSpecification\",\"valueRequired\":true,\"valueName\":\"search_term_string\"}}],\"inLanguage\":\"es\"},{\"@type\":\"Organization\",\"@id\":\"https:\/\/samurang.cl\/v2\/#organization\",\"name\":\"Samurang Kwan\",\"url\":\"https:\/\/samurang.cl\/v2\/\",\"logo\":{\"@type\":\"ImageObject\",\"inLanguage\":\"es\",\"@id\":\"https:\/\/samurang.cl\/v2\/#\/schema\/logo\/image\/\",\"url\":\"https:\/\/samurang.cl\/v2\/wp-content\/uploads\/2025\/05\/logo-samurang-2025-chico-1.png\",\"contentUrl\":\"https:\/\/samurang.cl\/v2\/wp-content\/uploads\/2025\/05\/logo-samurang-2025-chico-1.png\",\"width\":111,\"height\":124,\"caption\":\"Samurang Kwan\"},\"image\":{\"@id\":\"https:\/\/samurang.cl\/v2\/#\/schema\/logo\/image\/\"}}]}<\/script>\n<!-- \/ Yoast SEO plugin. -->","yoast_head_json":{"title":"Universal Tang Soo Do - Samurang Kwan","robots":{"index":"index","follow":"follow","max-snippet":"max-snippet:-1","max-image-preview":"max-image-preview:large","max-video-preview":"max-video-preview:-1"},"canonical":"https:\/\/samurang.cl\/v2\/utsd\/","og_locale":"es_ES","og_type":"article","og_title":"Universal Tang Soo Do - Samurang Kwan","og_description":"Nuestra escuela es parte de: Universal Tang Soo Do (UTSD) Desde nuestra fundaci\u00f3n [&hellip;]","og_url":"https:\/\/samurang.cl\/v2\/utsd\/","og_site_name":"Samurang Kwan","article_modified_time":"2025-05-14T18:34:56+00:00","og_image":[{"width":267,"height":267,"url":"https:\/\/samurang.cl\/v2\/wp-content\/uploads\/2025\/05\/logo-utsd.png","type":"image\/png"}],"twitter_card":"summary_large_image","schema":{"@context":"https:\/\/schema.org","@graph":[{"@type":"WebPage","@id":"https:\/\/samurang.cl\/v2\/utsd\/","url":"https:\/\/samurang.cl\/v2\/utsd\/","name":"Universal Tang Soo Do - Samurang Kwan","isPartOf":{"@id":"https:\/\/samurang.cl\/v2\/#website"},"primaryImageOfPage":{"@id":"https:\/\/samurang.cl\/v2\/utsd\/#primaryimage"},"image":{"@id":"https:\/\/samurang.cl\/v2\/utsd\/#primaryimage"},"thumbnailUrl":"https:\/\/samurang.cl\/v2\/wp-content\/uploads\/2025\/05\/logo-utsd.png","datePublished":"2025-05-14T18:20:55+00:00","dateModified":"2025-05-14T18:34:56+00:00","breadcrumb":{"@id":"https:\/\/samurang.cl\/v2\/utsd\/#breadcrumb"},"inLanguage":"es","potentialAction":[{"@type":"ReadAction","target":["https:\/\/samurang.cl\/v2\/utsd\/"]}]},{"@type":"ImageObject","inLanguage":"es","@id":"https:\/\/samurang.cl\/v2\/utsd\/#primaryimage","url":"https:\/\/samurang.cl\/v2\/wp-content\/uploads\/2025\/05\/logo-utsd.png","contentUrl":"https:\/\/samurang.cl\/v2\/wp-content\/uploads\/2025\/05\/logo-utsd.png","width":267,"height":267},{"@type":"BreadcrumbList","@id":"https:\/\/samurang.cl\/v2\/utsd\/#breadcrumb","itemListElement":[{"@type":"ListItem","position":1,"name":"Portada","item":"https:\/\/samurang.cl\/v2\/"},{"@type":"ListItem","position":2,"name":"Universal Tang Soo Do"}]},{"@type":"WebSite","@id":"https:\/\/samurang.cl\/v2\/#website","url":"https:\/\/samurang.cl\/v2\/","name":"Samurang Kwan","description":"","publisher":{"@id":"https:\/\/samurang.cl\/v2\/#organization"},"potentialAction":[{"@type":"SearchAction","target":{"@type":"EntryPoint","urlTemplate":"https:\/\/samurang.cl\/v2\/?s={search_term_string}"},"query-input":{"@type":"PropertyValueSpecification","valueRequired":true,"valueName":"search_term_string"}}],"inLanguage":"es"},{"@type":"Organization","@id":"https:\/\/samurang.cl\/v2\/#organization","name":"Samurang Kwan","url":"https:\/\/samurang.cl\/v2\/","logo":{"@type":"ImageObject","inLanguage":"es","@id":"https:\/\/samurang.cl\/v2\/#\/schema\/logo\/image\/","url":"https:\/\/samurang.cl\/v2\/wp-content\/uploads\/2025\/05\/logo-samurang-2025-chico-1.png","contentUrl":"https:\/\/samurang.cl\/v2\/wp-content\/uploads\/2025\/05\/logo-samurang-2025-chico-1.png","width":111,"height":124,"caption":"Samurang Kwan"},"image":{"@id":"https:\/\/samurang.cl\/v2\/#\/schema\/logo\/image\/"}}]}},"jetpack_sharing_enabled":true,"_links":{"self":[{"href":"https:\/\/samurang.cl\/v2\/wp-json\/wp\/v2\/pages\/313","targetHints":{"allow":["GET"]}}],"collection":[{"href":"https:\/\/samurang.cl\/v2\/wp-json\/wp\/v2\/pages"}],"about":[{"href":"https:\/\/samurang.cl\/v2\/wp-json\/wp\/v2\/types\/page"}],"author":[{"embeddable":true,"href":"https:\/\/samurang.cl\/v2\/wp-json\/wp\/v2\/users\/1"}],"replies":[{"embeddable":true,"href":"https:\/\/samurang.cl\/v2\/wp-json\/wp\/v2\/comments?post=313"}],"version-history":[{"count":2,"href":"https:\/\/samurang.cl\/v2\/wp-json\/wp\/v2\/pages\/313\/revisions"}],"predecessor-version":[{"id":325,"href":"https:\/\/samurang.cl\/v2\/wp-json\/wp\/v2\/pages\/313\/revisions\/325"}],"wp:attachment":[{"href":"https:\/\/samurang.cl\/v2\/wp-json\/wp\/v2\/media?parent=313"}],"curies":[{"name":"wp","href":"https:\/\/api.w.org\/{rel}","templated":true}]}}